{"id":31637,"date":"2026-04-24T11:41:34","date_gmt":"2026-04-24T09:41:34","guid":{"rendered":"https:\/\/www.inportante.sk\/as-creation\/"},"modified":"2026-04-24T11:46:03","modified_gmt":"2026-04-24T09:46:03","slug":"as-creation","status":"publish","type":"page","link":"https:\/\/www.inportante.sk\/en\/tapety\/as-creation\/","title":{"rendered":"AS Cr\u00e9ation"},"content":{"rendered":"\n<p><\/p>\n\n<p><\/p>\n\n<p><\/p>\n\n<p><\/p>\n\n<p><strong><a href=\"https:\/\/www.inportante.sk\/tapety\/as-creation\/atelier-47\/\">AS Cr\u00e9ation Atelier 47<\/a><\/strong><\/p>\n\n<p><a href=\"https:\/\/www.inportante.sk\/en\/as-creation\/designwalls\/\"><strong>AS Cr\u00e9ation Designwalls<\/strong><\/a><\/p>\n\n<p><a href=\"https:\/\/www.inportante.sk\/en\/as-creation\/elements-ii\/\"><strong>AS Cr\u00e9ation Elements II<\/strong><\/a><\/p>\n\n<p><a href=\"https:\/\/www.inportante.sk\/tapety\/as-creation\/little-love\/\"><strong>AS Cr\u00e9ation Little Love<\/strong><\/a><\/p>\n\n<p><a href=\"https:\/\/www.inportante.sk\/tapety\/as-creation\/metropolitan-stories-travel-styles\/\"><strong>AS Cr\u00e9ation Metropolitan Stories &#8211; Travel Styles<\/strong><\/a><\/p>\n\n<p><a href=\"https:\/\/www.inportante.sk\/en\/tapety\/as-creation\/natural-living\/\"><strong>AS Cr\u00e9ation Natural Living<\/strong><\/a><\/p>\n\n<p><a href=\"https:\/\/www.inportante.sk\/en\/as-creation\/my-home-my-spa\/\"><strong>AS Cr\u00e9ation My Home My Spa<\/strong><\/a><\/p>\n\n<p><strong><a href=\"https:\/\/www.inportante.sk\/en\/tapety\/as-creation\/pure-elegance\/\">AS Cr\u00e9ation Pure Elegance<\/a><\/strong><\/p>\n\n<p><a href=\"https:\/\/www.inportante.sk\/en\/as-creation\/smart-surfaces\/\"><strong>AS Cr\u00e9ation Smart Surfaces<\/strong><\/a><\/p>\n\n<p><a href=\"https:\/\/www.inportante.sk\/en\/as-creation\/stories-of-life\/\"><strong>AS Cr\u00e9ation Stories of Life<\/strong><\/a><\/p>\n\n<p><a href=\"https:\/\/www.inportante.sk\/en\/tapety\/as-creation\/styleguide-colours-2024\/\"><strong>AS Cr\u00e9ation Stylguide Colours 2024<\/strong><\/a><\/p>\n\n<p><strong><a href=\"https:\/\/www.inportante.sk\/tapety\/as-creation\/styleguide-design-2024\/\">AS Cr\u00e9ation Styleguide Design 2024<\/a><\/strong><\/p>\n\n<p><strong><a href=\"https:\/\/www.inportante.sk\/en\/as-creation\/the-wall-art-edition\/\">AS Cr\u00e9ation The wall art edition<\/a><\/strong><\/p>\n\n<p><\/p>\n\n<p><\/p>\n\n<p><\/p>\n\n<p><\/p>\n\n<p><\/p>\n","protected":false},"excerpt":{"rendered":"<p>AS Cr\u00e9ation Atelier 47 AS Cr\u00e9ation Designwalls AS Cr\u00e9ation Elements II AS Cr\u00e9ation Little Love AS Cr\u00e9ation Metropolitan Stories &#8211; Travel Styles AS Cr\u00e9ation Natural &#8230; <a title=\"AS Cr\u00e9ation\" class=\"read-more\" href=\"https:\/\/www.inportante.sk\/en\/tapety\/as-creation\/\" aria-label=\"Read more about AS Cr\u00e9ation\">Viac<\/a><\/p>\n","protected":false},"author":3,"featured_media":0,"parent":32016,"menu_order":0,"comment_status":"closed","ping_status":"closed","template":"","meta":{"_seopress_robots_primary_cat":"","_seopress_titles_title":"","_seopress_titles_desc":"","_seopress_robots_index":"","footnotes":""},"class_list":["post-31637","page","type-page","status-publish"],"_links":{"self":[{"href":"https:\/\/www.inportante.sk\/en\/wp-json\/wp\/v2\/pages\/31637","targetHints":{"allow":["GET"]}}],"collection":[{"href":"https:\/\/www.inportante.sk\/en\/wp-json\/wp\/v2\/pages"}],"about":[{"href":"https:\/\/www.inportante.sk\/en\/wp-json\/wp\/v2\/types\/page"}],"author":[{"embeddable":true,"href":"https:\/\/www.inportante.sk\/en\/wp-json\/wp\/v2\/users\/3"}],"replies":[{"embeddable":true,"href":"https:\/\/www.inportante.sk\/en\/wp-json\/wp\/v2\/comments?post=31637"}],"version-history":[{"count":1,"href":"https:\/\/www.inportante.sk\/en\/wp-json\/wp\/v2\/pages\/31637\/revisions"}],"predecessor-version":[{"id":31639,"href":"https:\/\/www.inportante.sk\/en\/wp-json\/wp\/v2\/pages\/31637\/revisions\/31639"}],"up":[{"embeddable":true,"href":"https:\/\/www.inportante.sk\/en\/wp-json\/wp\/v2\/pages\/32016"}],"wp:attachment":[{"href":"https:\/\/www.inportante.sk\/en\/wp-json\/wp\/v2\/media?parent=31637"}],"curies":[{"name":"wp","href":"https:\/\/api.w.org\/{rel}","templated":true}]}}