{"id":31883,"date":"2026-04-24T11:44:47","date_gmt":"2026-04-24T09:44:47","guid":{"rendered":"https:\/\/www.inportante.sk\/contact\/"},"modified":"2026-04-24T11:45:15","modified_gmt":"2026-04-24T09:45:15","slug":"contact","status":"publish","type":"page","link":"https:\/\/www.inportante.sk\/en\/contact\/","title":{"rendered":"Contact"},"content":{"rendered":"\t\t<div data-elementor-type=\"wp-page\" data-elementor-id=\"31883\" class=\"elementor elementor-31883 elementor-4019\" data-elementor-post-type=\"page\">\n\t\t\t\t<div class=\"elementor-element elementor-element-3440e30 e-con-full e-flex e-con e-parent\" data-id=\"3440e30\" data-element_type=\"container\" data-e-type=\"container\">\n\t\t\t\t<div class=\"elementor-element elementor-element-a77c967 elementor-widget elementor-widget-heading\" data-id=\"a77c967\" data-element_type=\"widget\" data-e-type=\"widget\" data-widget_type=\"heading.default\">\n\t\t\t\t<div class=\"elementor-widget-container\">\n\t\t\t\t\t<h2 class=\"elementor-heading-title elementor-size-default\">Contact<\/h2>\t\t\t\t<\/div>\n\t\t\t\t<\/div>\n\t\t\t\t<\/div>\n\t\t<div class=\"elementor-element elementor-element-4ef8ea4 e-con-full e-flex e-con e-parent\" data-id=\"4ef8ea4\" data-element_type=\"container\" data-e-type=\"container\">\n\t\t<div class=\"elementor-element elementor-element-40b2f47 e-con-full e-flex e-con e-child\" data-id=\"40b2f47\" data-element_type=\"container\" data-e-type=\"container\">\n\t\t\t\t<div class=\"elementor-element elementor-element-1bb2b4d elementor-widget elementor-widget-heading\" data-id=\"1bb2b4d\" data-element_type=\"widget\" data-e-type=\"widget\" data-widget_type=\"heading.default\">\n\t\t\t\t<div class=\"elementor-widget-container\">\n\t\t\t\t\t<h2 class=\"elementor-heading-title elementor-size-default\">Accounting department<\/h2>\t\t\t\t<\/div>\n\t\t\t\t<\/div>\n\t\t\t\t<div class=\"elementor-element elementor-element-4da8e93 elementor-widget elementor-widget-text-editor\" data-id=\"4da8e93\" data-element_type=\"widget\" data-e-type=\"widget\" data-widget_type=\"text-editor.default\">\n\t\t\t\t<div class=\"elementor-widget-container\">\n\t\t\t\t\t\t\t\t\t<p><strong>Phone:<\/strong> <a href=\"tel:00421315511133\">+421 31 551 11 33<\/a><\/p><p><strong>Email:<\/strong> <a href=\"mailto:uctaren@inportante.sk\">uctaren@inportante.sk<\/a><\/p><p><strong>Opening hours:<br><\/strong>Mon &#8211; Fri : 8:00 &#8211; 16:00<br>Sat &#8211; Sun: closed<\/p><p><strong>Address:<\/strong> <a href=\"https:\/\/www.google.com\/maps\/dir\/\/Nov%C3%A1+osada+805%2F25,+929+01+Dunajsk%C3%A1+Streda\/@47.993431,17.600931,16z\/data=!4m9!4m8!1m0!1m5!1m1!1s0x476b9d5ad6150eef:0x8adc201f8c39ffd5!2m2!1d17.6009309!2d47.9934309!3e0?hl=sk\">Nov\u00e1 osada 805\/25, 929 01 Dunajsk\u00e1 Streda<\/a><\/p>\t\t\t\t\t\t\t\t<\/div>\n\t\t\t\t<\/div>\n\t\t\t\t<\/div>\n\t\t<div class=\"elementor-element elementor-element-3260340 e-con-full e-flex e-con e-child\" data-id=\"3260340\" data-element_type=\"container\" data-e-type=\"container\">\n\t\t\t\t<div class=\"elementor-element elementor-element-514c190 elementor-widget elementor-widget-heading\" data-id=\"514c190\" data-element_type=\"widget\" data-e-type=\"widget\" data-widget_type=\"heading.default\">\n\t\t\t\t<div class=\"elementor-widget-container\">\n\t\t\t\t\t<h2 class=\"elementor-heading-title elementor-size-default\">Sales Department<\/h2>\t\t\t\t<\/div>\n\t\t\t\t<\/div>\n\t\t\t\t<div class=\"elementor-element elementor-element-b0079da elementor-widget elementor-widget-text-editor\" data-id=\"b0079da\" data-element_type=\"widget\" data-e-type=\"widget\" data-widget_type=\"text-editor.default\">\n\t\t\t\t<div class=\"elementor-widget-container\">\n\t\t\t\t\t\t\t\t\t<p><span style=\"font-weight: bold;\">Phone:<\/span> <a href=\"tel:00421%20918%20866%20034\">+421 918 866 034<\/a><\/p><p><span style=\"font-weight: bold;\">Email:<\/span> <a href=\"mailto:toth@inportante.sk\">toth@inportante.sk<\/a><\/p><p><span style=\"font-weight: bold;\">Meetings:<br><\/span>By appointment by phone<\/p><p><span style=\"font-weight: bold;\">Address:<\/span> <a href=\"https:\/\/www.google.com\/maps\/dir\/\/Artica+D%C3%A9cor,+Galantsk%C3%A1+cesta+866,+929+01+Dunajsk%C3%A1+Streda\/@47.99366,17.624348,12z\/data=!4m9!4m8!1m0!1m5!1m1!1s0x476b9d6086075d6f:0xb0d0a6e5d98f0e17!2m2!1d17.6243483!2d47.9936601!3e0?hl=sk\">Galantsk\u00e1 cesta 866\/4, 929 01 Dunajsk\u00e1 Streda<\/a><\/p>\t\t\t\t\t\t\t\t<\/div>\n\t\t\t\t<\/div>\n\t\t\t\t<\/div>\n\t\t<div class=\"elementor-element elementor-element-c6acd5a e-con-full e-flex e-con e-child\" data-id=\"c6acd5a\" data-element_type=\"container\" data-e-type=\"container\">\n\t\t\t\t<div class=\"elementor-element elementor-element-70f9f3c elementor-widget elementor-widget-heading\" data-id=\"70f9f3c\" data-element_type=\"widget\" data-e-type=\"widget\" data-widget_type=\"heading.default\">\n\t\t\t\t<div class=\"elementor-widget-container\">\n\t\t\t\t\t<h2 class=\"elementor-heading-title elementor-size-default\">Warehouse<\/h2>\t\t\t\t<\/div>\n\t\t\t\t<\/div>\n\t\t\t\t<div class=\"elementor-element elementor-element-8bd35a7 elementor-widget elementor-widget-text-editor\" data-id=\"8bd35a7\" data-element_type=\"widget\" data-e-type=\"widget\" data-widget_type=\"text-editor.default\">\n\t\t\t\t<div class=\"elementor-widget-container\">\n\t\t\t\t\t\t\t\t\t<p><strong>Phone:<\/strong> <a href=\"tel:00421917864685\">+421 917 864 685<\/a><\/p><p><strong>Email:<\/strong> <a href=\"mailto:solava@inportante.sk\">solava@inportante.sk<\/a><\/p><p><strong>Opening hours:<br><\/strong>Mon &#8211; Fri : 8:00 &#8211; 16:00<br>Sat &#8211; Sun: closed<\/p><p><strong>Address:<\/strong> <a href=\"https:\/\/www.google.com\/maps\/dir\/\/Nov%C3%A1+osada+805%2F25,+929+01+Dunajsk%C3%A1+Streda\/@47.993431,17.600931,16z\/data=!4m9!4m8!1m0!1m5!1m1!1s0x476b9d5ad6150eef:0x8adc201f8c39ffd5!2m2!1d17.6009309!2d47.9934309!3e0?hl=sk\">Nov\u00e1 osada 805\/25, 929 01 Dunajsk\u00e1 Streda<\/a><\/p>\t\t\t\t\t\t\t\t<\/div>\n\t\t\t\t<\/div>\n\t\t\t\t<\/div>\n\t\t<div class=\"elementor-element elementor-element-d3bf2f0 e-con-full e-flex e-con e-child\" data-id=\"d3bf2f0\" data-element_type=\"container\" data-e-type=\"container\">\n\t\t\t\t<div class=\"elementor-element elementor-element-40c49b2 elementor-widget elementor-widget-heading\" data-id=\"40c49b2\" data-element_type=\"widget\" data-e-type=\"widget\" data-widget_type=\"heading.default\">\n\t\t\t\t<div class=\"elementor-widget-container\">\n\t\t\t\t\t<h2 class=\"elementor-heading-title elementor-size-default\">E-shop<\/h2>\t\t\t\t<\/div>\n\t\t\t\t<\/div>\n\t\t\t\t<div class=\"elementor-element elementor-element-3795773 elementor-widget elementor-widget-text-editor\" data-id=\"3795773\" data-element_type=\"widget\" data-e-type=\"widget\" data-widget_type=\"text-editor.default\">\n\t\t\t\t<div class=\"elementor-widget-container\">\n\t\t\t\t\t\t\t\t\t<p><strong>Phone:<\/strong> <a href=\"tel:00421917864685\">+421 917 864 685<\/a><\/p><p><strong>Email:<\/strong> <a href=\"mailto:solava@inportante.sk\">solava@inportante.sk<\/a><\/p><p><strong>Opening hours:<br><\/strong>Mon &#8211; Fri : 8:00 &#8211; 16:00<br>Sat &#8211; Sun: closed<\/p><p><strong>Address:<\/strong> <a href=\"https:\/\/www.google.com\/maps\/dir\/\/Nov%C3%A1+osada+805%2F25,+929+01+Dunajsk%C3%A1+Streda\/@47.993431,17.600931,16z\/data=!4m9!4m8!1m0!1m5!1m1!1s0x476b9d5ad6150eef:0x8adc201f8c39ffd5!2m2!1d17.6009309!2d47.9934309!3e0?hl=sk\">Nov\u00e1 osada 805\/25, 929 01 Dunajsk\u00e1 Streda<\/a><\/p>\t\t\t\t\t\t\t\t<\/div>\n\t\t\t\t<\/div>\n\t\t\t\t<\/div>\n\t\t\t\t<\/div>\n\t\t<div class=\"elementor-element elementor-element-3a6235d e-con-full e-flex e-con e-parent\" data-id=\"3a6235d\" data-element_type=\"container\" data-e-type=\"container\">\n\t\t<div class=\"elementor-element elementor-element-1bbd8c6 e-con-full e-flex e-con e-child\" data-id=\"1bbd8c6\" data-element_type=\"container\" data-e-type=\"container\">\n\t\t\t\t<div class=\"elementor-element elementor-element-99b1588 elementor-widget elementor-widget-heading\" data-id=\"99b1588\" data-element_type=\"widget\" data-e-type=\"widget\" data-widget_type=\"heading.default\">\n\t\t\t\t<div class=\"elementor-widget-container\">\n\t\t\t\t\t<h2 class=\"elementor-heading-title elementor-size-default\">Artica Decor - Bratislava<\/h2>\t\t\t\t<\/div>\n\t\t\t\t<\/div>\n\t\t\t\t<div class=\"elementor-element elementor-element-85c5f08 elementor-widget elementor-widget-text-editor\" data-id=\"85c5f08\" data-element_type=\"widget\" data-e-type=\"widget\" data-widget_type=\"text-editor.default\">\n\t\t\t\t<div class=\"elementor-widget-container\">\n\t\t\t\t\t\t\t\t\t<p><strong>Phone:<\/strong> <a href=\"tel:00421918700130\">+421 918 700 130<\/a><\/p><p><strong>Email:<\/strong> <a href=\"mailto:r1@inportante.sk\">r1@inportante.sk<\/a><\/p><p><strong>Opening hours:<br><\/strong>Mon &#8211; Fri: 9am-4pm<br>Saturday: By appointment by phone<br>Sunday: closed<\/p><p><b>Address:<\/b> <a href=\"https:\/\/www.google.com\/maps\/dir\/\/Artica+D%C3%A9cor,+Ro%C5%BE%C5%88avsk%C3%A1+1,+831+04+Bratislava\/@48.17097,17.154863,16z\/data=!4m9!4m8!1m0!1m5!1m1!1s0x476c8edc97673d57:0x44f0e05da5475bee!2m2!1d17.1548633!2d48.1709697!3e0?hl=sk\">Ro\u017e\u0148avsk\u00e1 1, 831 04 Bratislava<\/a><\/p>\t\t\t\t\t\t\t\t<\/div>\n\t\t\t\t<\/div>\n\t\t\t\t<\/div>\n\t\t<div class=\"elementor-element elementor-element-acaf20e e-con-full e-flex e-con e-child\" data-id=\"acaf20e\" data-element_type=\"container\" data-e-type=\"container\">\n\t\t\t\t<div class=\"elementor-element elementor-element-e528ab9 elementor-widget elementor-widget-heading\" data-id=\"e528ab9\" data-element_type=\"widget\" data-e-type=\"widget\" data-widget_type=\"heading.default\">\n\t\t\t\t<div class=\"elementor-widget-container\">\n\t\t\t\t\t<h2 class=\"elementor-heading-title elementor-size-default\">Artica Decor - DS<\/h2>\t\t\t\t<\/div>\n\t\t\t\t<\/div>\n\t\t\t\t<div class=\"elementor-element elementor-element-4e64aa0 elementor-widget elementor-widget-text-editor\" data-id=\"4e64aa0\" data-element_type=\"widget\" data-e-type=\"widget\" data-widget_type=\"text-editor.default\">\n\t\t\t\t<div class=\"elementor-widget-container\">\n\t\t\t\t\t\t\t\t\t<p><span style=\"font-weight: bold;\">Phone:<\/span> <a href=\"tel:00421903201699\">+421 903 201 699<\/a><\/p><p><span style=\"font-weight: bold;\">Email:<\/span> <a href=\"mailto:showroom@inportante.sk\">showroom@inportante.sk<\/a><\/p><p><span style=\"font-weight: bold;\">Opening hours:<br><\/span>Mon &#8211; Fri: 9am-4pm<br>Saturday: By appointment by phone<br>Sunday: closed<\/p><p><span style=\"font-weight: bold;\">Address:<\/span> <a href=\"https:\/\/www.google.com\/maps\/dir\/\/Artica+D%C3%A9cor,+Galantsk%C3%A1+cesta+866,+929+01+Dunajsk%C3%A1+Streda\/@47.99366,17.624348,12z\/data=!4m9!4m8!1m0!1m5!1m1!1s0x476b9d6086075d6f:0xb0d0a6e5d98f0e17!2m2!1d17.6243483!2d47.9936601!3e0?hl=sk\">Galantsk\u00e1 cesta 866\/4, 929 01 Dunajsk\u00e1 Streda<\/a><\/p>\t\t\t\t\t\t\t\t<\/div>\n\t\t\t\t<\/div>\n\t\t\t\t<\/div>\n\t\t<div class=\"elementor-element elementor-element-6764be3 e-con-full e-flex e-con e-child\" data-id=\"6764be3\" data-element_type=\"container\" data-e-type=\"container\">\n\t\t\t\t<div class=\"elementor-element elementor-element-241a62e elementor-widget elementor-widget-heading\" data-id=\"241a62e\" data-element_type=\"widget\" data-e-type=\"widget\" data-widget_type=\"heading.default\">\n\t\t\t\t<div class=\"elementor-widget-container\">\n\t\t\t\t\t<h2 class=\"elementor-heading-title elementor-size-default\">INPORTANTE Hygiene &amp; Horeca - R1 Bratislava<\/h2>\t\t\t\t<\/div>\n\t\t\t\t<\/div>\n\t\t\t\t<div class=\"elementor-element elementor-element-84bdf22 elementor-widget elementor-widget-text-editor\" data-id=\"84bdf22\" data-element_type=\"widget\" data-e-type=\"widget\" data-widget_type=\"text-editor.default\">\n\t\t\t\t<div class=\"elementor-widget-container\">\n\t\t\t\t\t\t\t\t\t<p><strong>Phone:<\/strong> <a href=\"tel:00421918700130\">+421 918 700 130<\/a><\/p>\n<p><strong>Email: <\/strong><a href=\"mailto:r1@inportante.sk\">r1@inportante.sk<\/a><\/p>\n<p><strong>Opening hours<\/strong>:<br>Mon &#8211; Fri: 09:00 &#8211; 16:00<br>Sat &#8211; Sun: closed<\/p>\n<p><strong>Address<\/strong>: <a href=\"https:\/\/www.google.com\/maps\/dir\/\/Artica+D%C3%A9cor,+Ro%C5%BE%C5%88avsk%C3%A1+1,+831+04+Bratislava\/@48.17097,17.154863,16z\/data=!4m9!4m8!1m0!1m5!1m1!1s0x476c8edc97673d57:0x44f0e05da5475bee!2m2!1d17.1548633!2d48.1709697!3e0?hl=sk\" target=\"_blank\" rel=\"noreferrer noopener\">1 Ro\u017e\u0148avsk\u00e1 Street, 831 04 Bratislava<\/a><\/p>\t\t\t\t\t\t\t\t<\/div>\n\t\t\t\t<\/div>\n\t\t\t\t<\/div>\n\t\t<div class=\"elementor-element elementor-element-bc6b2f1 e-con-full e-flex e-con e-child\" data-id=\"bc6b2f1\" data-element_type=\"container\" data-e-type=\"container\">\n\t\t\t\t<div class=\"elementor-element elementor-element-95b1e40 elementor-widget elementor-widget-heading\" data-id=\"95b1e40\" data-element_type=\"widget\" data-e-type=\"widget\" data-widget_type=\"heading.default\">\n\t\t\t\t<div class=\"elementor-widget-container\">\n\t\t\t\t\t<h2 class=\"elementor-heading-title elementor-size-default\">Company data<\/h2>\t\t\t\t<\/div>\n\t\t\t\t<\/div>\n\t\t\t\t<div class=\"elementor-element elementor-element-fdd73df elementor-widget elementor-widget-text-editor\" data-id=\"fdd73df\" data-element_type=\"widget\" data-e-type=\"widget\" data-widget_type=\"text-editor.default\">\n\t\t\t\t<div class=\"elementor-widget-container\">\n\t\t\t\t\t\t\t\t\t<p><strong>INPORTANTE s.r.o.<\/strong><\/p><p>Address: Nov\u00e1 osada 805\/25, 929 01 Dunajsk\u00e1 Streda<\/p><p>ID: 45354928<\/p><p>VAT NUMBER: 2022972622<\/p><p>VAT NUMBER: SK2022972622<\/p><p>according to \u00a74, Registered at Trnava, sec. Sro, vl.\u010d.24953\/T<\/p><p>Supervisory authority: the Inspectorate of the Slovak Trade Inspection based in Trnava for the Trnava Region, Pek\u00e1rska 23, 917 01 Trnava<\/p>\t\t\t\t\t\t\t\t<\/div>\n\t\t\t\t<\/div>\n\t\t\t\t<\/div>\n\t\t\t\t<\/div>\n\t\t\t\t<\/div>\n\t\t","protected":false},"excerpt":{"rendered":"<p>Contact Accounting department Phone: +421 31 551 11 33 Email: uctaren@inportante.sk Opening hours:Mon &#8211; Fri : 8:00 &#8211; 16:00Sat &#8211; Sun: closed Address: Nov\u00e1 osada &#8230; <a title=\"Contact\" class=\"read-more\" href=\"https:\/\/www.inportante.sk\/en\/contact\/\" aria-label=\"Read more about Contact\">Viac<\/a><\/p>\n","protected":false},"author":1,"featured_media":0,"parent":0,"menu_order":0,"comment_status":"closed","ping_status":"closed","template":"elementor_header_footer","meta":{"_seopress_robots_primary_cat":"","_seopress_titles_title":"","_seopress_titles_desc":"","_seopress_robots_index":"","footnotes":""},"class_list":["post-31883","page","type-page","status-publish"],"_links":{"self":[{"href":"https:\/\/www.inportante.sk\/en\/wp-json\/wp\/v2\/pages\/31883","targetHints":{"allow":["GET"]}}],"collection":[{"href":"https:\/\/www.inportante.sk\/en\/wp-json\/wp\/v2\/pages"}],"about":[{"href":"https:\/\/www.inportante.sk\/en\/wp-json\/wp\/v2\/types\/page"}],"author":[{"embeddable":true,"href":"https:\/\/www.inportante.sk\/en\/wp-json\/wp\/v2\/users\/1"}],"replies":[{"embeddable":true,"href":"https:\/\/www.inportante.sk\/en\/wp-json\/wp\/v2\/comments?post=31883"}],"version-history":[{"count":5,"href":"https:\/\/www.inportante.sk\/en\/wp-json\/wp\/v2\/pages\/31883\/revisions"}],"predecessor-version":[{"id":31922,"href":"https:\/\/www.inportante.sk\/en\/wp-json\/wp\/v2\/pages\/31883\/revisions\/31922"}],"wp:attachment":[{"href":"https:\/\/www.inportante.sk\/en\/wp-json\/wp\/v2\/media?parent=31883"}],"curies":[{"name":"wp","href":"https:\/\/api.w.org\/{rel}","templated":true}]}}