{"id":32187,"date":"2026-04-24T11:49:00","date_gmt":"2026-04-24T09:49:00","guid":{"rendered":"https:\/\/www.inportante.sk\/stores\/"},"modified":"2026-04-24T11:49:07","modified_gmt":"2026-04-24T09:49:07","slug":"stores","status":"publish","type":"page","link":"https:\/\/www.inportante.sk\/en\/stores\/","title":{"rendered":"Stores"},"content":{"rendered":"\t\t<div data-elementor-type=\"wp-page\" data-elementor-id=\"32187\" class=\"elementor elementor-32187 elementor-7263\" data-elementor-post-type=\"page\">\n\t\t\t\t<div class=\"elementor-element elementor-element-d864274 e-con-full e-flex e-con e-parent\" data-id=\"d864274\" data-element_type=\"container\" data-e-type=\"container\">\n\t\t\t\t<div class=\"elementor-element elementor-element-57734b6 elementor-widget elementor-widget-heading\" data-id=\"57734b6\" data-element_type=\"widget\" data-e-type=\"widget\" data-widget_type=\"heading.default\">\n\t\t\t\t<div class=\"elementor-widget-container\">\n\t\t\t\t\t<h2 class=\"elementor-heading-title elementor-size-default\">Stores<\/h2>\t\t\t\t<\/div>\n\t\t\t\t<\/div>\n\t\t\t\t<\/div>\n\t\t<div class=\"elementor-element elementor-element-3986be2 e-con-full e-flex e-con e-parent\" data-id=\"3986be2\" data-element_type=\"container\" data-e-type=\"container\">\n\t\t<div class=\"elementor-element elementor-element-094a7ee e-con-full e-flex elementor-invisible e-con e-child\" data-id=\"094a7ee\" data-element_type=\"container\" data-e-type=\"container\" data-settings=\"{&quot;animation&quot;:&quot;fadeIn&quot;,&quot;animation_delay&quot;:200}\">\n\t\t<div class=\"elementor-element elementor-element-2a52d8c e-con-full e-flex e-con e-child\" data-id=\"2a52d8c\" data-element_type=\"container\" data-e-type=\"container\">\n\t\t\t\t<div class=\"elementor-element elementor-element-1b227a7 elementor-cta--skin-classic elementor-animated-content elementor-bg-transform elementor-bg-transform-zoom-in elementor-widget elementor-widget-call-to-action\" data-id=\"1b227a7\" data-element_type=\"widget\" data-e-type=\"widget\" data-widget_type=\"call-to-action.default\">\n\t\t\t\t<div class=\"elementor-widget-container\">\n\t\t\t\t\t\t\t<a class=\"elementor-cta\" href=\"https:\/\/www.inportante.sk\/en\/stores\/artica-decor-dunajska-streda\/\">\n\t\t\t\t\t<div class=\"elementor-cta__bg-wrapper\">\n\t\t\t\t<div class=\"elementor-cta__bg elementor-bg\" style=\"background-image: url(https:\/\/www.inportante.sk\/wp-content\/uploads\/2023\/11\/artica5-300x300-1.jpg);\" role=\"img\" aria-label=\"artica5-300x300\"><\/div>\n\t\t\t\t<div class=\"elementor-cta__bg-overlay\"><\/div>\n\t\t\t<\/div>\n\t\t\t\t\t\t\t\t<\/a>\n\t\t\t\t\t\t<\/div>\n\t\t\t\t<\/div>\n\t\t\t\t<div class=\"elementor-element elementor-element-c82d7bf elementor-position-inline-start elementor-view-default elementor-mobile-position-block-start elementor-widget elementor-widget-icon-box\" data-id=\"c82d7bf\" data-element_type=\"widget\" data-e-type=\"widget\" data-widget_type=\"icon-box.default\">\n\t\t\t\t<div class=\"elementor-widget-container\">\n\t\t\t\t\t\t\t<div class=\"elementor-icon-box-wrapper\">\n\n\t\t\t\t\t\t<div class=\"elementor-icon-box-icon\">\n\t\t\t\t<span  class=\"elementor-icon\">\n\t\t\t\t<svg aria-hidden=\"true\" class=\"e-font-icon-svg e-fas-circle\" viewBox=\"0 0 512 512\" xmlns=\"http:\/\/www.w3.org\/2000\/svg\"><path d=\"M256 8C119 8 8 119 8 256s111 248 248 248 248-111 248-248S393 8 256 8z\"><\/path><\/svg>\t\t\t\t<\/span>\n\t\t\t<\/div>\n\t\t\t\n\t\t\t\t\t\t<div class=\"elementor-icon-box-content\">\n\n\t\t\t\t\t\t\t\t\t<h5 class=\"elementor-icon-box-title\">\n\t\t\t\t\t\t<span  >\n\t\t\t\t\t\t\tArtica Decor<br>R1 Bratislava\t\t\t\t\t\t<\/span>\n\t\t\t\t\t<\/h5>\n\t\t\t\t\n\t\t\t\t\t\t\t\t\t<p class=\"elementor-icon-box-description\">\n\t\t\t\t\t\t<a href=\"tel:00421918700130\">+421 918 700 130<\/a> <br> \n<a href=\"mailto:r1@inportante.sk\">r1@inportante.sk<\/a> <br> \n<a href=\"https:\/\/www.google.com\/maps\/dir\/\/Artica+D%C3%A9cor,+Ro%C5%BE%C5%88avsk%C3%A1+1,+831+04+Bratislava\/@48.17097,17.154863,16z\/data=!4m9!4m8!1m0!1m5!1m1!1s0x476c8edc97673d57:0x44f0e05da5475bee!2m2!1d17.1548633!2d48.1709697!3e0?hl=sk\" target=\"_blank\" rel=\"noreferrer noopener\">Ro\u017e\u0148avsk\u00e1 1, 831 04 Bratislava<\/a> <br> \n\nMon - Fri: 09:00 - 17:00\n\n<br> Sat - Sun: closed\t\t\t\t\t<\/p>\n\t\t\t\t\n\t\t\t<\/div>\n\t\t\t\n\t\t<\/div>\n\t\t\t\t\t\t<\/div>\n\t\t\t\t<\/div>\n\t\t\t\t<\/div>\n\t\t<div class=\"elementor-element elementor-element-8bf446b e-con-full e-flex e-con e-child\" data-id=\"8bf446b\" data-element_type=\"container\" data-e-type=\"container\">\n\t\t\t\t<div class=\"elementor-element elementor-element-7001186 elementor-cta--skin-classic elementor-animated-content elementor-bg-transform elementor-bg-transform-zoom-in elementor-widget elementor-widget-call-to-action\" data-id=\"7001186\" data-element_type=\"widget\" data-e-type=\"widget\" data-widget_type=\"call-to-action.default\">\n\t\t\t\t<div class=\"elementor-widget-container\">\n\t\t\t\t\t\t\t<div class=\"elementor-cta\">\n\t\t\t\t\t<div class=\"elementor-cta__bg-wrapper\">\n\t\t\t\t<div class=\"elementor-cta__bg elementor-bg\" style=\"background-image: url(https:\/\/www.inportante.sk\/wp-content\/uploads\/2023\/11\/artica_ds1-300x300-1.jpg);\" role=\"img\" aria-label=\"artica_ds1-300x300\"><\/div>\n\t\t\t\t<div class=\"elementor-cta__bg-overlay\"><\/div>\n\t\t\t<\/div>\n\t\t\t\t\t\t\t\t<\/div>\n\t\t\t\t\t\t<\/div>\n\t\t\t\t<\/div>\n\t\t\t\t<div class=\"elementor-element elementor-element-c910666 elementor-position-inline-start elementor-view-default elementor-mobile-position-block-start elementor-widget elementor-widget-icon-box\" data-id=\"c910666\" data-element_type=\"widget\" data-e-type=\"widget\" data-widget_type=\"icon-box.default\">\n\t\t\t\t<div class=\"elementor-widget-container\">\n\t\t\t\t\t\t\t<div class=\"elementor-icon-box-wrapper\">\n\n\t\t\t\t\t\t<div class=\"elementor-icon-box-icon\">\n\t\t\t\t<span  class=\"elementor-icon\">\n\t\t\t\t<svg aria-hidden=\"true\" class=\"e-font-icon-svg e-fas-circle\" viewBox=\"0 0 512 512\" xmlns=\"http:\/\/www.w3.org\/2000\/svg\"><path d=\"M256 8C119 8 8 119 8 256s111 248 248 248 248-111 248-248S393 8 256 8z\"><\/path><\/svg>\t\t\t\t<\/span>\n\t\t\t<\/div>\n\t\t\t\n\t\t\t\t\t\t<div class=\"elementor-icon-box-content\">\n\n\t\t\t\t\t\t\t\t\t<h5 class=\"elementor-icon-box-title\">\n\t\t\t\t\t\t<span  >\n\t\t\t\t\t\t\tArtica Decor<br>Dunajsk\u00e1 Streda\t\t\t\t\t\t<\/span>\n\t\t\t\t\t<\/h5>\n\t\t\t\t\n\t\t\t\t\t\t\t\t\t<p class=\"elementor-icon-box-description\">\n\t\t\t\t\t\t<a href=\"tel:+421%20903%20201%20699\">+421 903 201 699<\/a> <br> \n<a href=\"mailto:showroom@inportante.sk\">showroom@inportante.sk<\/a> <br> \n<a href=\"https:\/\/www.google.com\/maps\/dir\/\/Artica+D%C3%A9cor,+Galantsk%C3%A1+cesta+866,+929+01+Dunajsk%C3%A1+Streda\/@47.99366,17.624348,12z\/data=!4m9!4m8!1m0!1m5!1m1!1s0x476b9d6086075d6f:0xb0d0a6e5d98f0e17!2m2!1d17.6243483!2d47.9936601!3e0?hl=sk\" target=\"_blank\" rel=\"noreferrer noopener\">Galantsk\u00e1 cesta 866\/4, 929 01 Dunajsk\u00e1 Streda<\/a><br> \n\nMon - Fri: 09:00 - 17:00\n\n<br> Sat - Sun: closed\t\t\t\t\t<\/p>\n\t\t\t\t\n\t\t\t<\/div>\n\t\t\t\n\t\t<\/div>\n\t\t\t\t\t\t<\/div>\n\t\t\t\t<\/div>\n\t\t\t\t<\/div>\n\t\t<div class=\"elementor-element elementor-element-492b41e e-con-full e-flex e-con e-child\" data-id=\"492b41e\" data-element_type=\"container\" data-e-type=\"container\">\n\t\t\t\t<div class=\"elementor-element elementor-element-2115598 elementor-cta--skin-classic elementor-animated-content elementor-bg-transform elementor-bg-transform-zoom-in elementor-widget elementor-widget-call-to-action\" data-id=\"2115598\" data-element_type=\"widget\" data-e-type=\"widget\" data-widget_type=\"call-to-action.default\">\n\t\t\t\t<div class=\"elementor-widget-container\">\n\t\t\t\t\t\t\t<div class=\"elementor-cta\">\n\t\t\t\t\t<div class=\"elementor-cta__bg-wrapper\">\n\t\t\t\t<div class=\"elementor-cta__bg elementor-bg\" style=\"background-image: url(https:\/\/www.inportante.sk\/wp-content\/uploads\/2023\/11\/DSC_6910-300x300-1.jpg);\" role=\"img\" aria-label=\"DSC_6910-300x300\"><\/div>\n\t\t\t\t<div class=\"elementor-cta__bg-overlay\"><\/div>\n\t\t\t<\/div>\n\t\t\t\t\t\t\t\t<\/div>\n\t\t\t\t\t\t<\/div>\n\t\t\t\t<\/div>\n\t\t\t\t<div class=\"elementor-element elementor-element-a3f68e6 elementor-position-inline-start elementor-view-default elementor-mobile-position-block-start elementor-widget elementor-widget-icon-box\" data-id=\"a3f68e6\" data-element_type=\"widget\" data-e-type=\"widget\" data-widget_type=\"icon-box.default\">\n\t\t\t\t<div class=\"elementor-widget-container\">\n\t\t\t\t\t\t\t<div class=\"elementor-icon-box-wrapper\">\n\n\t\t\t\t\t\t<div class=\"elementor-icon-box-icon\">\n\t\t\t\t<a href=\"\/r1-hygiena\" class=\"elementor-icon\" tabindex=\"-1\" aria-label=\"INPORTANTE Hygiene &amp; Horeca R1 Bratislava\">\n\t\t\t\t<svg aria-hidden=\"true\" class=\"e-font-icon-svg e-fas-circle\" viewBox=\"0 0 512 512\" xmlns=\"http:\/\/www.w3.org\/2000\/svg\"><path d=\"M256 8C119 8 8 119 8 256s111 248 248 248 248-111 248-248S393 8 256 8z\"><\/path><\/svg>\t\t\t\t<\/a>\n\t\t\t<\/div>\n\t\t\t\n\t\t\t\t\t\t<div class=\"elementor-icon-box-content\">\n\n\t\t\t\t\t\t\t\t\t<h5 class=\"elementor-icon-box-title\">\n\t\t\t\t\t\t<a href=\"\/r1-hygiena\" >\n\t\t\t\t\t\t\tINPORTANTE Hygiene &amp; Horeca R1 Bratislava\t\t\t\t\t\t<\/a>\n\t\t\t\t\t<\/h5>\n\t\t\t\t\n\t\t\t\t\t\t\t\t\t<p class=\"elementor-icon-box-description\">\n\t\t\t\t\t\t<a href=\"tel:00421918700130\">+421 918 700 130<\/a> <br> \n<a href=\"mailto:r1@inportante.sk\">r1@inportante.sk<\/a> <br> \n<a href=\"https:\/\/www.google.com\/maps\/dir\/\/Artica+D%C3%A9cor,+Ro%C5%BE%C5%88avsk%C3%A1+1,+831+04+Bratislava\/@48.17097,17.154863,16z\/data=!4m9!4m8!1m0!1m5!1m1!1s0x476c8edc97673d57:0x44f0e05da5475bee!2m2!1d17.1548633!2d48.1709697!3e0?hl=sk\" target=\"_blank\" rel=\"noreferrer noopener\">Ro\u017e\u0148avsk\u00e1 1, 831 04 Bratislava<\/a> <br> \n\nMon - Fri: 09:00 - 17:00\n\n<br> Sat - Sun: closed\t\t\t\t\t<\/p>\n\t\t\t\t\n\t\t\t<\/div>\n\t\t\t\n\t\t<\/div>\n\t\t\t\t\t\t<\/div>\n\t\t\t\t<\/div>\n\t\t\t\t<\/div>\n\t\t<div class=\"elementor-element elementor-element-fee2636 e-con-full e-flex e-con e-child\" data-id=\"fee2636\" data-element_type=\"container\" data-e-type=\"container\">\n\t\t\t\t<div class=\"elementor-element elementor-element-c311472 elementor-cta--skin-classic elementor-animated-content elementor-bg-transform elementor-bg-transform-zoom-in elementor-widget elementor-widget-call-to-action\" data-id=\"c311472\" data-element_type=\"widget\" data-e-type=\"widget\" data-widget_type=\"call-to-action.default\">\n\t\t\t\t<div class=\"elementor-widget-container\">\n\t\t\t\t\t\t\t<div class=\"elementor-cta\">\n\t\t\t\t\t<div class=\"elementor-cta__bg-wrapper\">\n\t\t\t\t<div class=\"elementor-cta__bg elementor-bg\" style=\"background-image: url(https:\/\/www.inportante.sk\/wp-content\/uploads\/2023\/11\/26-300x300-1.jpg);\" role=\"img\" aria-label=\"26-300x300\"><\/div>\n\t\t\t\t<div class=\"elementor-cta__bg-overlay\"><\/div>\n\t\t\t<\/div>\n\t\t\t\t\t\t\t\t<\/div>\n\t\t\t\t\t\t<\/div>\n\t\t\t\t<\/div>\n\t\t\t\t<div class=\"elementor-element elementor-element-51bca30 elementor-position-inline-start elementor-view-default elementor-mobile-position-block-start elementor-widget elementor-widget-icon-box\" data-id=\"51bca30\" data-element_type=\"widget\" data-e-type=\"widget\" data-widget_type=\"icon-box.default\">\n\t\t\t\t<div class=\"elementor-widget-container\">\n\t\t\t\t\t\t\t<div class=\"elementor-icon-box-wrapper\">\n\n\t\t\t\t\t\t<div class=\"elementor-icon-box-icon\">\n\t\t\t\t<span  class=\"elementor-icon\">\n\t\t\t\t<svg aria-hidden=\"true\" class=\"e-font-icon-svg e-fas-circle\" viewBox=\"0 0 512 512\" xmlns=\"http:\/\/www.w3.org\/2000\/svg\"><path d=\"M256 8C119 8 8 119 8 256s111 248 248 248 248-111 248-248S393 8 256 8z\"><\/path><\/svg>\t\t\t\t<\/span>\n\t\t\t<\/div>\n\t\t\t\n\t\t\t\t\t\t<div class=\"elementor-icon-box-content\">\n\n\t\t\t\t\t\t\t\t\t<h5 class=\"elementor-icon-box-title\">\n\t\t\t\t\t\t<span  >\n\t\t\t\t\t\t\tINPORTANTE Large warehouse <br> Dunajsk\u00e1 Streda\t\t\t\t\t\t<\/span>\n\t\t\t\t\t<\/h5>\n\t\t\t\t\n\t\t\t\t\t\t\t\t\t<p class=\"elementor-icon-box-description\">\n\t\t\t\t\t\t<a href=\"tel:+421%20917%20864%20685\">+421 917 864 685<\/a> <br> \n<a href=\"mailto:solava@inportante.sk\">solava@inportante.sk<\/a> <br> \n<a href=\"https:\/\/www.google.com\/maps\/dir\/\/Nov%C3%A1+osada+805%2F25,+929+01+Dunajsk%C3%A1+Streda\/@47.993431,17.600931,16z\/data=!4m9!4m8!1m0!1m5!1m1!1s0x476b9d5ad6150eef:0x8adc201f8c39ffd5!2m2!1d17.6009309!2d47.9934309!3e0?hl=sk\">Nov\u00e1 osada 805\/25, 929 01 Dunajsk\u00e1 Streda<\/a><br> \n\nMon - Fri: 08:00 - 16:00\n\n<br> Sat - Sun: closed\t\t\t\t\t<\/p>\n\t\t\t\t\n\t\t\t<\/div>\n\t\t\t\n\t\t<\/div>\n\t\t\t\t\t\t<\/div>\n\t\t\t\t<\/div>\n\t\t\t\t<\/div>\n\t\t\t\t<\/div>\n\t\t\t\t<\/div>\n\t\t<div class=\"elementor-element elementor-element-0780b67 e-con-full e-flex e-con e-parent\" data-id=\"0780b67\" data-element_type=\"container\" data-e-type=\"container\">\n\t\t\t\t<div class=\"elementor-element elementor-element-367a11a elementor-widget elementor-widget-heading\" data-id=\"367a11a\" data-element_type=\"widget\" data-e-type=\"widget\" data-widget_type=\"heading.default\">\n\t\t\t\t<div class=\"elementor-widget-container\">\n\t\t\t\t\t<h2 class=\"elementor-heading-title elementor-size-default\">E-Shop<\/h2>\t\t\t\t<\/div>\n\t\t\t\t<\/div>\n\t\t\t\t<\/div>\n\t\t<div class=\"elementor-element elementor-element-eae0881 e-con-full e-flex e-con e-parent\" data-id=\"eae0881\" data-element_type=\"container\" data-e-type=\"container\">\n\t\t<div class=\"elementor-element elementor-element-4625278 e-con-full e-flex elementor-invisible e-con e-child\" data-id=\"4625278\" data-element_type=\"container\" data-e-type=\"container\" data-settings=\"{&quot;animation&quot;:&quot;fadeIn&quot;,&quot;animation_delay&quot;:200}\">\n\t\t<div class=\"elementor-element elementor-element-16bfd47 e-con-full e-flex e-con e-child\" data-id=\"16bfd47\" data-element_type=\"container\" data-e-type=\"container\">\n\t\t\t\t<div class=\"elementor-element elementor-element-e008548 elementor-cta--skin-classic elementor-animated-content elementor-bg-transform elementor-bg-transform-zoom-in elementor-widget elementor-widget-call-to-action\" data-id=\"e008548\" data-element_type=\"widget\" data-e-type=\"widget\" data-widget_type=\"call-to-action.default\">\n\t\t\t\t<div class=\"elementor-widget-container\">\n\t\t\t\t\t\t\t<div class=\"elementor-cta\">\n\t\t\t\t\t<div class=\"elementor-cta__bg-wrapper\">\n\t\t\t\t<div class=\"elementor-cta__bg elementor-bg\" style=\"background-image: url(https:\/\/www.inportante.sk\/wp-content\/uploads\/2023\/11\/orac-decor.jpg);\" role=\"img\" aria-label=\"orac decor\"><\/div>\n\t\t\t\t<div class=\"elementor-cta__bg-overlay\"><\/div>\n\t\t\t<\/div>\n\t\t\t\t\t\t\t\t<\/div>\n\t\t\t\t\t\t<\/div>\n\t\t\t\t<\/div>\n\t\t\t\t<div class=\"elementor-element elementor-element-dadc718 elementor-position-inline-start elementor-view-default elementor-mobile-position-block-start elementor-widget elementor-widget-icon-box\" data-id=\"dadc718\" data-element_type=\"widget\" data-e-type=\"widget\" data-widget_type=\"icon-box.default\">\n\t\t\t\t<div class=\"elementor-widget-container\">\n\t\t\t\t\t\t\t<div class=\"elementor-icon-box-wrapper\">\n\n\t\t\t\t\t\t<div class=\"elementor-icon-box-icon\">\n\t\t\t\t<span  class=\"elementor-icon\">\n\t\t\t\t<svg aria-hidden=\"true\" class=\"e-font-icon-svg e-fas-circle\" viewBox=\"0 0 512 512\" xmlns=\"http:\/\/www.w3.org\/2000\/svg\"><path d=\"M256 8C119 8 8 119 8 256s111 248 248 248 248-111 248-248S393 8 256 8z\"><\/path><\/svg>\t\t\t\t<\/span>\n\t\t\t<\/div>\n\t\t\t\n\t\t\t\t\t\t<div class=\"elementor-icon-box-content\">\n\n\t\t\t\t\t\t\t\t\t<h5 class=\"elementor-icon-box-title\">\n\t\t\t\t\t\t<span  >\n\t\t\t\t\t\t\tE-shop orac Decor\t\t\t\t\t\t<\/span>\n\t\t\t\t\t<\/h5>\n\t\t\t\t\n\t\t\t\t\t\t\t\t\t<p class=\"elementor-icon-box-description\">\n\t\t\t\t\t\t  orac.sk <br> <a href=\"tel:+421%20917%20864%20685\">+421 917 864 685<\/a> <br> \n<a href=\"mailto:solava@inportante.sk\">solava@inportante.sk<\/a> <br> \n<a href=\"https:\/\/www.google.com\/maps\/dir\/\/Nov%C3%A1+osada+805%2F25,+929+01+Dunajsk%C3%A1+Streda\/@47.993431,17.600931,16z\/data=!4m9!4m8!1m0!1m5!1m1!1s0x476b9d5ad6150eef:0x8adc201f8c39ffd5!2m2!1d17.6009309!2d47.9934309!3e0?hl=sk\">Nov\u00e1 osada 805\/25, 929 01 Dunajsk\u00e1 Streda<\/a><br> \n\nMon - Fri: 08:00 - 16:00\n\n<br> Sat - Sun: closed\t\t\t\t\t<\/p>\n\t\t\t\t\n\t\t\t<\/div>\n\t\t\t\n\t\t<\/div>\n\t\t\t\t\t\t<\/div>\n\t\t\t\t<\/div>\n\t\t\t\t<\/div>\n\t\t<div class=\"elementor-element elementor-element-05a23d0 e-con-full e-flex e-con e-child\" data-id=\"05a23d0\" data-element_type=\"container\" data-e-type=\"container\">\n\t\t\t\t<div class=\"elementor-element elementor-element-151b676 elementor-cta--skin-classic elementor-animated-content elementor-bg-transform elementor-bg-transform-zoom-in elementor-widget elementor-widget-call-to-action\" data-id=\"151b676\" data-element_type=\"widget\" data-e-type=\"widget\" data-widget_type=\"call-to-action.default\">\n\t\t\t\t<div class=\"elementor-widget-container\">\n\t\t\t\t\t\t\t<div class=\"elementor-cta\">\n\t\t\t\t\t<div class=\"elementor-cta__bg-wrapper\">\n\t\t\t\t<div class=\"elementor-cta__bg elementor-bg\" style=\"background-image: url(https:\/\/www.inportante.sk\/wp-content\/uploads\/2023\/11\/305039153_566805285306824_6400505963658102933_n.png);\" role=\"img\" aria-label=\"ihygiene\"><\/div>\n\t\t\t\t<div class=\"elementor-cta__bg-overlay\"><\/div>\n\t\t\t<\/div>\n\t\t\t\t\t\t\t\t<\/div>\n\t\t\t\t\t\t<\/div>\n\t\t\t\t<\/div>\n\t\t\t\t<div class=\"elementor-element elementor-element-0f9ede3 elementor-position-inline-start elementor-view-default elementor-mobile-position-block-start elementor-widget elementor-widget-icon-box\" data-id=\"0f9ede3\" data-element_type=\"widget\" data-e-type=\"widget\" data-widget_type=\"icon-box.default\">\n\t\t\t\t<div class=\"elementor-widget-container\">\n\t\t\t\t\t\t\t<div class=\"elementor-icon-box-wrapper\">\n\n\t\t\t\t\t\t<div class=\"elementor-icon-box-icon\">\n\t\t\t\t<span  class=\"elementor-icon\">\n\t\t\t\t<svg aria-hidden=\"true\" class=\"e-font-icon-svg e-fas-circle\" viewBox=\"0 0 512 512\" xmlns=\"http:\/\/www.w3.org\/2000\/svg\"><path d=\"M256 8C119 8 8 119 8 256s111 248 248 248 248-111 248-248S393 8 256 8z\"><\/path><\/svg>\t\t\t\t<\/span>\n\t\t\t<\/div>\n\t\t\t\n\t\t\t\t\t\t<div class=\"elementor-icon-box-content\">\n\n\t\t\t\t\t\t\t\t\t<h5 class=\"elementor-icon-box-title\">\n\t\t\t\t\t\t<span  >\n\t\t\t\t\t\t\tE-Shop Hygiene\t\t\t\t\t\t<\/span>\n\t\t\t\t\t<\/h5>\n\t\t\t\t\n\t\t\t\t\t\t\t\t\t<p class=\"elementor-icon-box-description\">\n\t\t\t\t\t\tihygiena.sk <br> <a href=\"tel:+421%20917%20864%20685\">+421 917 864 685<\/a> <br> \n<a href=\"mailto:solava@inportante.sk\">solava@inportante.sk<\/a> <br> \n<a href=\"https:\/\/www.google.com\/maps\/dir\/\/Nov%C3%A1+osada+805%2F25,+929+01+Dunajsk%C3%A1+Streda\/@47.993431,17.600931,16z\/data=!4m9!4m8!1m0!1m5!1m1!1s0x476b9d5ad6150eef:0x8adc201f8c39ffd5!2m2!1d17.6009309!2d47.9934309!3e0?hl=sk\">Nov\u00e1 osada 805\/25, 929 01 Dunajsk\u00e1 Streda<\/a><br> \n\nMon - Fri: 08:00 - 16:00\n\n<br> Sat - Sun: closed\t\t\t\t\t<\/p>\n\t\t\t\t\n\t\t\t<\/div>\n\t\t\t\n\t\t<\/div>\n\t\t\t\t\t\t<\/div>\n\t\t\t\t<\/div>\n\t\t\t\t<\/div>\n\t\t<div class=\"elementor-element elementor-element-59a8228 e-con-full e-flex e-con e-child\" data-id=\"59a8228\" data-element_type=\"container\" data-e-type=\"container\">\n\t\t\t\t<div class=\"elementor-element elementor-element-4e60643 elementor-cta--layout-image-above elementor-cta--skin-classic elementor-animated-content elementor-bg-transform elementor-bg-transform-zoom-in elementor-widget elementor-widget-call-to-action\" data-id=\"4e60643\" data-element_type=\"widget\" data-e-type=\"widget\" data-widget_type=\"call-to-action.default\">\n\t\t\t\t<div class=\"elementor-widget-container\">\n\t\t\t\t\t\t\t<div class=\"elementor-cta\">\n\t\t\t\t\t<div class=\"elementor-cta__bg-wrapper\">\n\t\t\t\t<div class=\"elementor-cta__bg elementor-bg\" style=\"background-image: url(https:\/\/www.inportante.sk\/wp-content\/uploads\/2023\/11\/layout_sk_banner_start_big-1920_1_default.jpg);\" role=\"img\" aria-label=\"layout_sk_banner_start_big-1920_1_default\"><\/div>\n\t\t\t\t<div class=\"elementor-cta__bg-overlay\"><\/div>\n\t\t\t<\/div>\n\t\t\t\t\t\t\t\t<\/div>\n\t\t\t\t\t\t<\/div>\n\t\t\t\t<\/div>\n\t\t\t\t<div class=\"elementor-element elementor-element-507fb48 elementor-position-inline-start elementor-view-default elementor-mobile-position-block-start elementor-widget elementor-widget-icon-box\" data-id=\"507fb48\" data-element_type=\"widget\" data-e-type=\"widget\" data-widget_type=\"icon-box.default\">\n\t\t\t\t<div class=\"elementor-widget-container\">\n\t\t\t\t\t\t\t<div class=\"elementor-icon-box-wrapper\">\n\n\t\t\t\t\t\t<div class=\"elementor-icon-box-icon\">\n\t\t\t\t<a href=\"\/r1-hygiena\" class=\"elementor-icon\" tabindex=\"-1\" aria-label=\"E- Shop homedepo\">\n\t\t\t\t<svg aria-hidden=\"true\" class=\"e-font-icon-svg e-fas-circle\" viewBox=\"0 0 512 512\" xmlns=\"http:\/\/www.w3.org\/2000\/svg\"><path d=\"M256 8C119 8 8 119 8 256s111 248 248 248 248-111 248-248S393 8 256 8z\"><\/path><\/svg>\t\t\t\t<\/a>\n\t\t\t<\/div>\n\t\t\t\n\t\t\t\t\t\t<div class=\"elementor-icon-box-content\">\n\n\t\t\t\t\t\t\t\t\t<h5 class=\"elementor-icon-box-title\">\n\t\t\t\t\t\t<a href=\"\/r1-hygiena\" >\n\t\t\t\t\t\t\tE- Shop homedepo\t\t\t\t\t\t<\/a>\n\t\t\t\t\t<\/h5>\n\t\t\t\t\n\t\t\t\t\t\t\t\t\t<p class=\"elementor-icon-box-description\">\n\t\t\t\t\t\thomedepo.sk <br><a href=\"tel:+421%20917%20864%20685\">+421 917 864 685<\/a> <br> \n<a href=\"mailto:solava@inportante.sk\">solava@inportante.sk<\/a> <br> \n<a href=\"https:\/\/www.google.com\/maps\/dir\/\/Nov%C3%A1+osada+805%2F25,+929+01+Dunajsk%C3%A1+Streda\/@47.993431,17.600931,16z\/data=!4m9!4m8!1m0!1m5!1m1!1s0x476b9d5ad6150eef:0x8adc201f8c39ffd5!2m2!1d17.6009309!2d47.9934309!3e0?hl=sk\">Nov\u00e1 osada 805\/25, 929 01 Dunajsk\u00e1 Streda<\/a><br> \n\nMon - Fri: 08:00 - 16:00\n\n<br> Sat - Sun: closed\t\t\t\t\t<\/p>\n\t\t\t\t\n\t\t\t<\/div>\n\t\t\t\n\t\t<\/div>\n\t\t\t\t\t\t<\/div>\n\t\t\t\t<\/div>\n\t\t\t\t<\/div>\n\t\t\t\t<\/div>\n\t\t\t\t<\/div>\n\t\t\t\t<\/div>\n\t\t","protected":false},"excerpt":{"rendered":"<p>Stores Artica DecorR1 Bratislava +421 918 700 130 r1@inportante.sk Ro\u017e\u0148avsk\u00e1 1, 831 04 Bratislava Mon &#8211; Fri: 09:00 &#8211; 17:00 Sat &#8211; Sun: closed Artica &#8230; <a title=\"Stores\" class=\"read-more\" href=\"https:\/\/www.inportante.sk\/en\/stores\/\" aria-label=\"Read more about Stores\">Viac<\/a><\/p>\n","protected":false},"author":1,"featured_media":0,"parent":0,"menu_order":0,"comment_status":"closed","ping_status":"closed","template":"","meta":{"_seopress_robots_primary_cat":"","_seopress_titles_title":"","_seopress_titles_desc":"","_seopress_robots_index":"","footnotes":""},"class_list":["post-32187","page","type-page","status-publish"],"_links":{"self":[{"href":"https:\/\/www.inportante.sk\/en\/wp-json\/wp\/v2\/pages\/32187","targetHints":{"allow":["GET"]}}],"collection":[{"href":"https:\/\/www.inportante.sk\/en\/wp-json\/wp\/v2\/pages"}],"about":[{"href":"https:\/\/www.inportante.sk\/en\/wp-json\/wp\/v2\/types\/page"}],"author":[{"embeddable":true,"href":"https:\/\/www.inportante.sk\/en\/wp-json\/wp\/v2\/users\/1"}],"replies":[{"embeddable":true,"href":"https:\/\/www.inportante.sk\/en\/wp-json\/wp\/v2\/comments?post=32187"}],"version-history":[{"count":7,"href":"https:\/\/www.inportante.sk\/en\/wp-json\/wp\/v2\/pages\/32187\/revisions"}],"predecessor-version":[{"id":32204,"href":"https:\/\/www.inportante.sk\/en\/wp-json\/wp\/v2\/pages\/32187\/revisions\/32204"}],"wp:attachment":[{"href":"https:\/\/www.inportante.sk\/en\/wp-json\/wp\/v2\/media?parent=32187"}],"curies":[{"name":"wp","href":"https:\/\/api.w.org\/{rel}","templated":true}]}}